{"id":409,"date":"2018-09-19T14:52:37","date_gmt":"2018-09-19T12:52:37","guid":{"rendered":"http:\/\/venericasagranda.com\/chi-siamo\/"},"modified":"2022-03-09T16:39:27","modified_gmt":"2022-03-09T15:39:27","slug":"chi-siamo","status":"publish","type":"page","link":"https:\/\/venericasagranda.com\/de\/chi-siamo\/","title":{"rendered":"Chi siamo"},"content":{"rendered":"<div class=\"wpb-content-wrapper\"><p>[vc_row lg_spacing=&#8220;margin_bottom:100&#8243; gutter=&#8220;lg:50&#8243;][vc_column width=&#8220;1\/2&#8243;][tm_heading style=&#8220;highlight-text&#8220; custom_google_font=&#8220;&#8220; animation=&#8220;move-up&#8220; text=&#8220;<mark>Wir befo\u0308rdern den besten<\/mark>&#8220; line_height=&#8220;2&#8243;][tm_heading style=&#8220;highlight-text&#8220; tag=&#8220;h1&#8243; custom_google_font=&#8220;&#8220; animation=&#8220;move-up&#8220; text=&#8220;Porphyr aus dem Trentino&#8220; css=&#8220;.vc_custom_1542896196822{margin-bottom: 30px !important;}&#8220;][tm_heading tag=&#8220;p&#8220; custom_google_font=&#8220;&#8220; google_fonts=&#8220;font_family:Poppins%3A300%2Cregular%2C500%2C600%2C700|font_style:400%20regular%3A400%3Anormal&#8220; animation=&#8220;move-up&#8220; text=&#8220;In dem klassischen porphyr-abbaugebiet hat die firma Veneri &amp; Casagranda zwei steinbru\u0308che ausgesucht, um den besten Porphyr bezu\u0308glich qualita\u0308t und farbe zu befo\u0308rdern&#8220;][\/vc_column][vc_column width=&#8220;1\/2&#8243; el_class=&#8220;immagine_alta&#8220;][vc_column_text]<\/p>\n<div style=\"width: 640px;\" class=\"wp-video\"><!--[if lt IE 9]><script>document.createElement('video');<\/script><![endif]-->\n<video class=\"wp-video-shortcode\" id=\"video-409-1\" width=\"640\" height=\"512\" preload=\"metadata\" controls=\"controls\"><source type=\"video\/mp4\" src=\"https:\/\/venericasagranda.com\/wp-content\/uploads\/2018\/09\/veneri_casagranda.mp4?_=1\" \/><a href=\"https:\/\/venericasagranda.com\/wp-content\/uploads\/2018\/09\/veneri_casagranda.mp4\">https:\/\/venericasagranda.com\/wp-content\/uploads\/2018\/09\/veneri_casagranda.mp4<\/a><\/video><\/div>\n<p>[\/vc_column_text][\/vc_column][\/vc_row][vc_row full_width=&#8220;stretch_row_content_no_spaces&#8220; background_image=&#8220;380&#8243; background_position=&#8220;center&#8220; el_class=&#8220;immagine_larga&#8220;][vc_column css_animation=&#8220;fadeInUp&#8220;][\/vc_column][\/vc_row][vc_row lg_spacing=&#8220;margin_top:100;margin_bottom:100&#8243;][vc_column css_animation=&#8220;none&#8220; width=&#8220;1\/3&#8243;][tm_heading style=&#8220;highlight-text&#8220; custom_google_font=&#8220;&#8220; animation=&#8220;move-up&#8220; text=&#8220;<mark>Experten auf diesem Gebiet<\/mark>&#8220; line_height=&#8220;2&#8243;][tm_heading style=&#8220;highlight-text&#8220; tag=&#8220;h1&#8243; custom_google_font=&#8220;&#8220; animation=&#8220;move-up&#8220; text=&#8220;seit mehr als 50 Jahren&#8220; css=&#8220;.vc_custom_1542896227253{margin-bottom: 30px !important;}&#8220;][\/vc_column][vc_column css_animation=&#8220;none&#8220; width=&#8220;2\/3&#8243;][tm_heading tag=&#8220;p&#8220; custom_google_font=&#8220;&#8220; google_fonts=&#8220;font_family:Poppins%3A300%2Cregular%2C500%2C600%2C700|font_style:400%20regular%3A400%3Anormal&#8220; animation=&#8220;move-up&#8220; el_class=&#8220;delay_second&#8220; text=&#8220;Die Firma wurde 1964 von Sergio Casagranda und Delio Veneri gegru\u0308ndet. Von Anfang an war das Unternehmen bestrebt, von Privatpersonen Gebiete aufzukaufen, um die notwendige Vergro\u0308\u00dferung des Porphyrbruchs zu sichern und die Verarbeitungsanlagen auszubauen, d.h., die Wu\u0308rfel-, Platten- und speziellen Porphyr-Schneide-Maschinen wurden u\u0308berdacht. Dieses Erneuerungsbestreben betraf nicht nur die Produktionsmechanisierung, sondern auch die Schaffung von Infrastrukturen zur Verbesserung der Arbeitsbedingungen fu\u0308r Arbeiter und Angestellte, wie Kantine und Bu\u0308ros, wodurch der professionelle und humane Standard der Mitarbeiter gehoben wurde. Der Betrieb wechselte in wenigen Jahren von der handwerklichen zur industriellen Phase u\u0308ber, durch ein sta\u0308ndiges Wirken dahingehend, den Porphyr mittels verschiedenster Initiativen auf den unterschiedlichsten Ma\u0308rkten bekanntzumachen, von der Promotion der Herstellungszone bis zur Teilnahme an Messen und der Zusammenstellung von Anschauungsmaterial. Es gibt in Italien und auf der ganzen Welt unza\u0308hlige Werke, die dazu beigetragen haben, die besondere Scho\u0308nheit und Widerstandsfa\u0308higkeit der in den Porphyrbru\u0308chen gehauenen Gesteine allseits bekannt zu machen. Die in den u\u0308ber 40 Jahren ihrer Ta\u0308tigkeit gesammelten Erfahrungen erlauben es der Firma Veneri &amp; Casagranda, mit gro\u00dfem Vertrauen in die Zukunft zu blicken und sich, auch moralisch, fu\u0308r die Erhaltung und Verbesserung des bisher Geschaffenen einzusetzen.&#8220;][\/vc_column][\/vc_row][vc_row full_width=&#8220;stretch_row_content_no_spaces&#8220; lg_spacing=&#8220;margin_top:100;margin_bottom:100&#8243; background_image=&#8220;401&#8243; background_position=&#8220;center&#8220; el_class=&#8220;immagine_larga&#8220;][vc_column][\/vc_column][\/vc_row][vc_row equal_height=&#8220;yes&#8220; lg_spacing=&#8220;margin_bottom:100&#8243; gutter=&#8220;lg:50&#8243;][vc_column width=&#8220;1\/2&#8243;][vc_single_image image=&#8220;32&#8243; img_size=&#8220;full&#8220; css_animation=&#8220;fadeIn&#8220;][\/vc_column][vc_column width=&#8220;1\/2&#8243;][tm_heading style=&#8220;highlight-text&#8220; custom_google_font=&#8220;&#8220; animation=&#8220;move-up&#8220; text=&#8220;<mark>Unsere gro\u00dfartigen<\/mark>&#8220; line_height=&#8220;2&#8243;][tm_heading style=&#8220;highlight-text&#8220; tag=&#8220;h1&#8243; custom_google_font=&#8220;&#8220; animation=&#8220;move-up&#8220; text=&#8220;projekte&#8220; css=&#8220;.vc_custom_1542896258181{margin-bottom: 30px !important;}&#8220;][tm_heading tag=&#8220;p&#8220; custom_google_font=&#8220;&#8220; google_fonts=&#8220;font_family:Poppins%3A300%2Cregular%2C500%2C600%2C700|font_style:400%20regular%3A400%3Anormal&#8220; animation=&#8220;move-up&#8220; text=&#8220;Im Laufe ihres Bestehens seit dem Jahre 1964 hat die Firma an der Realisation wichtiger und verschiedenster Werke mitgewirkt, sowohl in Italien als auch im Ausland. Um nur einige zu nennen: Pflasterung mit Porphyr-Platten in Pietralcina in der Wallfahrtssta\u0308tte von Padre Pio; Pflasterung von bedeutenden Altsta\u0308dten in Italien; Wu\u0308rfel-Pflasterung in Mu\u0308nchen, anla\u0308\u00dflich der Olympiade; Wu\u0308rfel- und Platten-Pflasterung von Gehsteigen in Sidney; Platten-Pflasterung in einigen Pala\u0308sten im Iran. Der Betrieb hat sich im Laufe der Jahre sta\u0308ndig weiterentwickelt, bis zum heutigen Tage. Es werden immer kontrolliertere Produkte geliefert, mit hohen Qualita\u0308tsstandards und dem fu\u0308r Naturgesteine gro\u0308\u00dftmo\u0308glichen Gleichma\u00df. All dies zum Zwecke der unendlichen Einsatzflexibilita\u0308t und um den Planern eine breite Auswahl und Raum fu\u0308r die eigene Kreativita\u0308t zu geben.&#8220;][\/vc_column][\/vc_row][vc_row full_width=&#8220;stretch_row_content_no_spaces&#8220; lg_spacing=&#8220;margin_top:100;margin_bottom:100&#8243; background_image=&#8220;384&#8243; background_position=&#8220;center&#8220; el_class=&#8220;immagine_larga&#8220;][vc_column][\/vc_column][\/vc_row][vc_row equal_height=&#8220;yes&#8220; lg_spacing=&#8220;margin_bottom:100&#8243; gutter=&#8220;lg:50&#8243;][vc_column width=&#8220;1\/2&#8243; el_class=&#8220;immagine_alta&#8220;][vc_single_image image=&#8220;372&#8243; img_size=&#8220;large&#8220; css_animation=&#8220;fadeIn&#8220;][\/vc_column][vc_column width=&#8220;1\/2&#8243;][tm_heading style=&#8220;highlight-text&#8220; custom_google_font=&#8220;&#8220; animation=&#8220;move-up&#8220; text=&#8220;<mark>Umweltvertr\u00e4glichkeit<\/mark>&#8220; line_height=&#8220;2&#8243;][tm_heading style=&#8220;highlight-text&#8220; tag=&#8220;h1&#8243; custom_google_font=&#8220;&#8220; animation=&#8220;move-up&#8220; text=&#8220;Firma&#8220; css=&#8220;.vc_custom_1542896305041{margin-bottom: 30px !important;}&#8220;][tm_heading tag=&#8220;p&#8220; custom_google_font=&#8220;&#8220; google_fonts=&#8220;font_family:Poppins%3A300%2Cregular%2C500%2C600%2C700|font_style:400%20regular%3A400%3Anormal&#8220; animation=&#8220;move-up&#8220; text=&#8220;Seit jeher ist die Firma Veneri &amp; Casagranda bem\u00fcht etwas f\u00fcr den Umweltschutz zu tun, deshalb wurde um die Firma eine Gr\u00fcnzone angelegt. In den letzten Jahren wurde durch die neue Solarenergieanlage, welche 150.000 kw pro Jahr produziert, saubere Energie f\u00fcr die Produktion unserer Produkte geliefert.&#8220;][\/vc_column][\/vc_row][vc_row full_width=&#8220;stretch_row&#8220; background_color=&#8220;custom&#8220; lg_spacing=&#8220;padding_top:200;padding_bottom:200&#8243; custom_background_color=&#8220;#ffffff&#8220; sm_spacing=&#8220;padding_top:100;padding_bottom:100&#8243;][vc_column css_animation=&#8220;none&#8220; width=&#8220;1\/3&#8243;][tm_heading style=&#8220;highlight-text&#8220; custom_google_font=&#8220;&#8220; animation=&#8220;move-up&#8220; text=&#8220;<mark>Unsere<\/mark>&#8220; line_height=&#8220;2&#8243;][tm_heading style=&#8220;highlight-text&#8220; tag=&#8220;h1&#8243; custom_google_font=&#8220;&#8220; animation=&#8220;move-up&#8220; text=&#8220;Zertifizierungen&#8220; css=&#8220;.vc_custom_1542896386577{margin-bottom: 30px !important;}&#8220;][\/vc_column][vc_column css_animation=&#8220;none&#8220; width=&#8220;2\/3&#8243;][vc_row_inner content_placement=&#8220;middle&#8220; gutter=&#8220;lg:60&#8243;][vc_column_inner width=&#8220;1\/3&#8243;][vc_single_image image=&#8220;361&#8243; img_size=&#8220;large&#8220; alignment=&#8220;center&#8220; css_animation=&#8220;fadeInUp&#8220;][\/vc_column_inner][vc_column_inner width=&#8220;1\/3&#8243;][vc_single_image image=&#8220;362&#8243; img_size=&#8220;large&#8220; alignment=&#8220;center&#8220; css_animation=&#8220;fadeInUp&#8220; css=&#8220;.vc_custom_1538386306271{margin-right: 30px !important;margin-left: 30px !important;}&#8220;][\/vc_column_inner][vc_column_inner width=&#8220;1\/3&#8243;][vc_single_image image=&#8220;360&#8243; img_size=&#8220;large&#8220; alignment=&#8220;center&#8220; css_animation=&#8220;fadeInUp&#8220;][\/vc_column_inner][\/vc_row_inner][vc_row_inner content_placement=&#8220;middle&#8220; gutter=&#8220;lg:60&#8243;][vc_column_inner width=&#8220;1\/3&#8243;][vc_single_image image=&#8220;399&#8243; img_size=&#8220;large&#8220; alignment=&#8220;center&#8220; css_animation=&#8220;fadeInUp&#8220;][\/vc_column_inner][vc_column_inner width=&#8220;1\/3&#8243;][vc_single_image image=&#8220;709&#8243; img_size=&#8220;large&#8220; alignment=&#8220;center&#8220; css_animation=&#8220;fadeInUp&#8220;][\/vc_column_inner][vc_column_inner width=&#8220;1\/3&#8243;][vc_column_text]<a href=\"https:\/\/venericasagranda.com\/wp-content\/uploads\/2020\/09\/linkespo13.pdf\" target=\"_blank\" rel=\"noopener\">linkespo13.pdf<\/a><br \/>\n<a href=\"https:\/\/venericasagranda.com\/wp-content\/uploads\/2020\/09\/linkespo028.pdf\" target=\"_blank\" rel=\"noopener\">linkespo028.pdf<\/a><br \/>\n<a href=\"https:\/\/venericasagranda.com\/wp-content\/uploads\/2020\/09\/linkespo039.pdf\" target=\"_blank\" rel=\"noopener\">linkespo039.pdf<\/a>[\/vc_column_text][\/vc_column_inner][\/vc_row_inner][\/vc_column][\/vc_row][vc_row full_width=&#8220;stretch_row&#8220; content_placement=&#8220;middle&#8220; custom_border_color=&#8220;&#8220; background_color=&#8220;primary&#8220; lg_spacing=&#8220;padding_top:50;padding_bottom:50&#8243;][vc_column width=&#8220;3\/4&#8243;][tm_heading style=&#8220;highlight-text&#8220; tag=&#8220;h1&#8243; custom_google_font=&#8220;&#8220; text_color=&#8220;custom&#8220; custom_text_color=&#8220;#ffffff&#8220; animation=&#8220;none&#8220; text=&#8220;Verlangen Sie ein Angebot&#8220;][\/vc_column][vc_column width=&#8220;1\/4&#8243;][tm_button button=&#8220;url:http%3A%2F%2Fvenericasagranda.com%2Fcontatti%2F|title:Kontakt!||&#8220; align=&#8220;right&#8220; animation=&#8220;none&#8220; color=&#8220;custom&#8220; button_bg_color=&#8220;custom&#8220; font_color=&#8220;primary&#8220; button_border_color=&#8220;&#8220; button_bg_color_hover=&#8220;&#8220; font_color_hover=&#8220;&#8220; button_border_color_hover=&#8220;&#8220; custom_button_bg_color=&#8220;#ffffff&#8220; border_radius=&#8220;0&#8243;][\/vc_column][\/vc_row]<\/p>\n<\/div>","protected":false},"excerpt":{"rendered":"[vc_row lg_spacing=&#8220;margin_bottom:100&#8243; gutter=&#8220;lg:50&#8243;][vc_column width=&#8220;1\/2&#8243;][tm_heading style=&#8220;highlight-text&#8220; custom_google_font=&#8220;&#8220; animation=&#8220;move-up&#8220; text=&#8220;Wir befo\u0308rdern den besten&#8220; line_height=&#8220;2&#8243;][tm_heading style=&#8220;highlight-text&#8220; tag=&#8220;h1&#8243; custom_google_font=&#8220;&#8220; animation=&#8220;move-up&#8220; text=&#8220;Porphyr aus dem Trentino&#8220; css=&#8220;.vc_custom_1542896196822{margin-bottom: 30px !important;}&#8220;][tm_heading tag=&#8220;p&#8220; custom_google_font=&#8220;&#8220; google_fonts=&#8220;font_family:Poppins%3A300%2Cregular%2C500%2C600%2C700|font_style:400%20regular%3A400%3Anormal&#8220; animation=&#8220;move-up&#8220; text=&#8220;In dem klassischen porphyr-abbaugebiet hat die firma Veneri &amp; Casagranda zwei steinbru\u0308che ausgesucht, um den besten Porphyr bezu\u0308glich qualita\u0308t und farbe zu befo\u0308rdern&#8220;][\/vc_column][vc_column width=&#8220;1\/2&#8243; el_class=&#8220;immagine_alta&#8220;][vc_column_text] [\/vc_column_text][\/vc_column][\/vc_row][vc_row full_width=&#8220;stretch_row_content_no_spaces&#8220; background_image=&#8220;380&#8243; background_position=&#8220;center&#8220; el_class=&#8220;immagine_larga&#8220;][vc_column css_animation=&#8220;fadeInUp&#8220;][\/vc_column][\/vc_row][vc_row lg_spacing=&#8220;margin_top:100;margin_bottom:100&#8243;][vc_column css_animation=&#8220;none&#8220; width=&#8220;1\/3&#8243;][tm_heading style=&#8220;highlight-text&#8220; custom_google_font=&#8220;&#8220; animation=&#8220;move-up&#8220; text=&#8220;Experten auf diesem Gebiet&#8220; line_height=&#8220;2&#8243;][tm_heading style=&#8220;highlight-text&#8220; tag=&#8220;h1&#8243; custom_google_font=&#8220;&#8220; animation=&#8220;move-up&#8220; text=&#8220;seit mehr als 50 Jahren&#8220; css=&#8220;.vc_custom_1542896227253{margin-bottom: 30px !important;}&#8220;][\/vc_column][vc_column css_animation=&#8220;none&#8220; width=&#8220;2\/3&#8243;][tm_heading tag=&#8220;p&#8220; custom_google_font=&#8220;&#8220; google_fonts=&#8220;font_family:Poppins%3A300%2Cregular%2C500%2C600%2C700|font_style:400%20regular%3A400%3Anormal&#8220; animation=&#8220;move-up&#8220; el_class=&#8220;delay_second&#8220; text=&#8220;Die Firma wurde 1964 von Sergio Casagranda und Delio Veneri gegru\u0308ndet. Von Anfang an war das Unternehmen bestrebt, von Privatpersonen Gebiete aufzukaufen, um die notwendige Vergro\u0308\u00dferung des Porphyrbruchs zu sichern und die Verarbeitungsanlagen auszubauen, d.h., die Wu\u0308rfel-, Platten- und speziellen Porphyr-Schneide-Maschinen wurden u\u0308berdacht. Dieses Erneuerungsbestreben betraf nicht nur die Produktionsmechanisierung, sondern auch die Schaffung von Infrastrukturen zur Verbesserung der Arbeitsbedingungen fu\u0308r Arbeiter und Angestellte, wie Kantine und Bu\u0308ros, wodurch der professionelle und humane Standard der Mitarbeiter gehoben wurde. Der Betrieb wechselte in wenigen Jahren von der handwerklichen zur industriellen Phase u\u0308ber, durch ein sta\u0308ndiges Wirken dahingehend, den Porphyr mittels verschiedenster Initiativen auf den unterschiedlichsten Ma\u0308rkten bekanntzumachen, von der Promotion der Herstellungszone bis zur Teilnahme an Messen und der Zusammenstellung von Anschauungsmaterial. Es gibt in Italien und auf der ganzen Welt unza\u0308hlige Werke, die dazu beigetragen haben, die besondere Scho\u0308nheit und Widerstandsfa\u0308higkeit der in den Porphyrbru\u0308chen gehauenen Gesteine allseits bekannt zu machen. Die in den u\u0308ber 40 Jahren ihrer Ta\u0308tigkeit gesammelten Erfahrungen erlauben es der Firma Veneri &amp; Casagranda, mit gro\u00dfem Vertrauen in die Zukunft zu blicken und sich, auch moralisch, fu\u0308r die Erhaltung und Verbesserung des bisher Geschaffenen einzusetzen.&#8220;][\/vc_column][\/vc_row][vc_row full_width=&#8220;stretch_row_content_no_spaces&#8220; lg_spacing=&#8220;margin_top:100;margin_bottom:100&#8243; background_image=&#8220;401&#8243; background_position=&#8220;center&#8220; el_class=&#8220;immagine_larga&#8220;][vc_column][\/vc_column][\/vc_row][vc_row equal_height=&#8220;yes&#8220; lg_spacing=&#8220;margin_bottom:100&#8243; gutter=&#8220;lg:50&#8243;][vc_column width=&#8220;1\/2&#8243;][vc_single_image image=&#8220;32&#8243; img_size=&#8220;full&#8220; css_animation=&#8220;fadeIn&#8220;][\/vc_column][vc_column width=&#8220;1\/2&#8243;][tm_heading style=&#8220;highlight-text&#8220; custom_google_font=&#8220;&#8220; animation=&#8220;move-up&#8220; text=&#8220;Unsere gro\u00dfartigen&#8220; line_height=&#8220;2&#8243;][tm_heading style=&#8220;highlight-text&#8220; tag=&#8220;h1&#8243; custom_google_font=&#8220;&#8220; animation=&#8220;move-up&#8220; text=&#8220;projekte&#8220; css=&#8220;.vc_custom_1542896258181{margin-bottom: 30px !important;}&#8220;][tm_heading tag=&#8220;p&#8220; custom_google_font=&#8220;&#8220; google_fonts=&#8220;font_family:Poppins%3A300%2Cregular%2C500%2C600%2C700|font_style:400%20regular%3A400%3Anormal&#8220; animation=&#8220;move-up&#8220; text=&#8220;Im Laufe ihres Bestehens seit dem Jahre 1964 hat die Firma an der Realisation wichtiger und verschiedenster Werke mitgewirkt, sowohl in Italien als auch im Ausland. Um nur einige zu nennen: Pflasterung mit Porphyr-Platten in Pietralcina in der Wallfahrtssta\u0308tte von Padre Pio; Pflasterung von bedeutenden Altsta\u0308dten in Italien; Wu\u0308rfel-Pflasterung in Mu\u0308nchen, anla\u0308\u00dflich der Olympiade; Wu\u0308rfel- und Platten-Pflasterung von Gehsteigen in Sidney; Platten-Pflasterung in einigen Pala\u0308sten im Iran. Der Betrieb hat sich im Laufe der Jahre sta\u0308ndig weiterentwickelt, bis zum heutigen Tage. Es werden immer kontrolliertere Produkte geliefert, mit hohen Qualita\u0308tsstandards und dem fu\u0308r Naturgesteine gro\u0308\u00dftmo\u0308glichen Gleichma\u00df. All dies zum Zwecke der unendlichen Einsatzflexibilita\u0308t und um den Planern eine breite Auswahl und Raum fu\u0308r die eigene Kreativita\u0308t zu geben.&#8220;][\/vc_column][\/vc_row][vc_row full_width=&#8220;stretch_row_content_no_spaces&#8220; lg_spacing=&#8220;margin_top:100;margin_bottom:100&#8243; background_image=&#8220;384&#8243; background_position=&#8220;center&#8220; el_class=&#8220;immagine_larga&#8220;][vc_column][\/vc_column][\/vc_row][vc_row equal_height=&#8220;yes&#8220; lg_spacing=&#8220;margin_bottom:100&#8243; gutter=&#8220;lg:50&#8243;][vc_column width=&#8220;1\/2&#8243; el_class=&#8220;immagine_alta&#8220;][vc_single_image image=&#8220;372&#8243; img_size=&#8220;large&#8220; css_animation=&#8220;fadeIn&#8220;][\/vc_column][vc_column width=&#8220;1\/2&#8243;][tm_heading style=&#8220;highlight-text&#8220; custom_google_font=&#8220;&#8220; animation=&#8220;move-up&#8220; text=&#8220;Umweltvertr\u00e4glichkeit&#8220; line_height=&#8220;2&#8243;][tm_heading style=&#8220;highlight-text&#8220; tag=&#8220;h1&#8243; custom_google_font=&#8220;&#8220; animation=&#8220;move-up&#8220; text=&#8220;Firma&#8220; css=&#8220;.vc_custom_1542896305041{margin-bottom: 30px !important;}&#8220;][tm_heading tag=&#8220;p&#8220; custom_google_font=&#8220;&#8220; google_fonts=&#8220;font_family:Poppins%3A300%2Cregular%2C500%2C600%2C700|font_style:400%20regular%3A400%3Anormal&#8220; animation=&#8220;move-up&#8220; text=&#8220;Seit jeher ist die Firma Veneri &amp; Casagranda bem\u00fcht etwas f\u00fcr den Umweltschutz zu tun, deshalb wurde um die Firma eine Gr\u00fcnzone angelegt. In den letzten Jahren wurde durch die neue Solarenergieanlage, welche 150.000 kw pro Jahr produziert, saubere Energie f\u00fcr die Produktion unserer Produkte geliefert.&#8220;][\/vc_column][\/vc_row][vc_row full_width=&#8220;stretch_row&#8220; background_color=&#8220;custom&#8220; lg_spacing=&#8220;padding_top:200;padding_bottom:200&#8243; custom_background_color=&#8220;#ffffff&#8220; sm_spacing=&#8220;padding_top:100;padding_bottom:100&#8243;][vc_column css_animation=&#8220;none&#8220; width=&#8220;1\/3&#8243;][tm_heading style=&#8220;highlight-text&#8220; custom_google_font=&#8220;&#8220; animation=&#8220;move-up&#8220; text=&#8220;Unsere&#8220; line_height=&#8220;2&#8243;][tm_heading style=&#8220;highlight-text&#8220; tag=&#8220;h1&#8243; custom_google_font=&#8220;&#8220; animation=&#8220;move-up&#8220; text=&#8220;Zertifizierungen&#8220; css=&#8220;.vc_custom_1542896386577{margin-bottom: 30px !important;}&#8220;][\/vc_column][vc_column css_animation=&#8220;none&#8220; width=&#8220;2\/3&#8243;][vc_row_inner content_placement=&#8220;middle&#8220; gutter=&#8220;lg:60&#8243;][vc_column_inner width=&#8220;1\/3&#8243;][vc_single_image image=&#8220;361&#8243; img_size=&#8220;large&#8220; alignment=&#8220;center&#8220; css_animation=&#8220;fadeInUp&#8220;][\/vc_column_inner][vc_column_inner width=&#8220;1\/3&#8243;][vc_single_image image=&#8220;362&#8243; img_size=&#8220;large&#8220; alignment=&#8220;center&#8220; css_animation=&#8220;fadeInUp&#8220; css=&#8220;.vc_custom_1538386306271{margin-right: 30px !important;margin-left: 30px !important;}&#8220;][\/vc_column_inner][vc_column_inner width=&#8220;1\/3&#8243;][vc_single_image image=&#8220;360&#8243; img_size=&#8220;large&#8220; alignment=&#8220;center&#8220; css_animation=&#8220;fadeInUp&#8220;][\/vc_column_inner][\/vc_row_inner][vc_row_inner content_placement=&#8220;middle&#8220; gutter=&#8220;lg:60&#8243;][vc_column_inner width=&#8220;1\/3&#8243;][vc_single_image image=&#8220;399&#8243; img_size=&#8220;large&#8220; alignment=&#8220;center&#8220; css_animation=&#8220;fadeInUp&#8220;][\/vc_column_inner][vc_column_inner width=&#8220;1\/3&#8243;][vc_single_image image=&#8220;709&#8243; img_size=&#8220;large&#8220; alignment=&#8220;center&#8220; css_animation=&#8220;fadeInUp&#8220;][\/vc_column_inner][vc_column_inner width=&#8220;1\/3&#8243;][vc_column_text]linkespo13.pdf linkespo028.pdf linkespo039.pdf[\/vc_column_text][\/vc_column_inner][\/vc_row_inner][\/vc_column][\/vc_row][vc_row full_width=&#8220;stretch_row&#8220; content_placement=&#8220;middle&#8220; custom_border_color=&#8220;&#8220; background_color=&#8220;primary&#8220; lg_spacing=&#8220;padding_top:50;padding_bottom:50&#8243;][vc_column width=&#8220;3\/4&#8243;][tm_heading style=&#8220;highlight-text&#8220; tag=&#8220;h1&#8243; custom_google_font=&#8220;&#8220; text_color=&#8220;custom&#8220; custom_text_color=&#8220;#ffffff&#8220; animation=&#8220;none&#8220; text=&#8220;Verlangen Sie ein Angebot&#8220;][\/vc_column][vc_column width=&#8220;1\/4&#8243;][tm_button button=&#8220;url:http%3A%2F%2Fvenericasagranda.com%2Fcontatti%2F|title:Kontakt!||&#8220; align=&#8220;right&#8220; animation=&#8220;none&#8220; color=&#8220;custom&#8220; button_bg_color=&#8220;custom&#8220; font_color=&#8220;primary&#8220; button_border_color=&#8220;&#8220; button_bg_color_hover=&#8220;&#8220; font_color_hover=&#8220;&#8220; button_border_color_hover=&#8220;&#8220; custom_button_bg_color=&#8220;#ffffff&#8220; border_radius=&#8220;0&#8243;][\/vc_column][\/vc_row]","protected":false},"author":2,"featured_media":0,"parent":0,"menu_order":0,"comment_status":"closed","ping_status":"closed","template":"","meta":{"footnotes":""},"_links":{"self":[{"href":"https:\/\/venericasagranda.com\/de\/wp-json\/wp\/v2\/pages\/409"}],"collection":[{"href":"https:\/\/venericasagranda.com\/de\/wp-json\/wp\/v2\/pages"}],"about":[{"href":"https:\/\/venericasagranda.com\/de\/wp-json\/wp\/v2\/types\/page"}],"author":[{"embeddable":true,"href":"https:\/\/venericasagranda.com\/de\/wp-json\/wp\/v2\/users\/2"}],"replies":[{"embeddable":true,"href":"https:\/\/venericasagranda.com\/de\/wp-json\/wp\/v2\/comments?post=409"}],"version-history":[{"count":7,"href":"https:\/\/venericasagranda.com\/de\/wp-json\/wp\/v2\/pages\/409\/revisions"}],"predecessor-version":[{"id":1021,"href":"https:\/\/venericasagranda.com\/de\/wp-json\/wp\/v2\/pages\/409\/revisions\/1021"}],"wp:attachment":[{"href":"https:\/\/venericasagranda.com\/de\/wp-json\/wp\/v2\/media?parent=409"}],"curies":[{"name":"wp","href":"https:\/\/api.w.org\/{rel}","templated":true}]}}