{"id":414,"date":"2018-09-19T14:52:37","date_gmt":"2018-09-19T12:52:37","guid":{"rendered":"http:\/\/venericasagranda.com\/servizi\/"},"modified":"2018-11-22T15:29:23","modified_gmt":"2018-11-22T14:29:23","slug":"servizi","status":"publish","type":"page","link":"https:\/\/venericasagranda.com\/de\/servizi\/","title":{"rendered":"Servizi"},"content":{"rendered":"<div class=\"wpb-content-wrapper\"><p>[vc_row][vc_column][tm_heading style=&#8220;highlight-text&#8220; custom_google_font=&#8220;&#8220; align=&#8220;center&#8220; animation=&#8220;move-up&#8220; text=&#8220;<mark>Unser produktives<\/mark>&#8220; line_height=&#8220;2&#8243;][tm_heading style=&#8220;highlight-text&#8220; tag=&#8220;h1&#8243; custom_google_font=&#8220;&#8220; align=&#8220;center&#8220; animation=&#8220;move-up&#8220; text=&#8220;\u00d6kosystem&#8220;][\/vc_column][\/vc_row][vc_row full_width=&#8220;stretch_row_content&#8220; equal_height=&#8220;yes&#8220; css_animation=&#8220;fadeIn&#8220; custom_border_color=&#8220;&#8220; background_color=&#8220;custom&#8220; custom_background_color=&#8220;#ffffff&#8220; lg_spacing=&#8220;margin_top:100&#8243;][vc_column width=&#8220;1\/2&#8243; background_image=&#8220;389&#8243;][\/vc_column][vc_column width=&#8220;1\/2&#8243; lg_spacing=&#8220;margin_right:150;margin_left:150;padding_top:100;padding_bottom:100&#8243;][tm_heading style=&#8220;highlight-text&#8220; custom_google_font=&#8220;&#8220; animation=&#8220;none&#8220; text=&#8220;<mark>Qualita\u0308ts-porphyr entsteht<\/mark>&#8220; line_height=&#8220;2&#8243;][tm_heading style=&#8220;highlight-text&#8220; tag=&#8220;h1&#8243; custom_google_font=&#8220;&#8220; animation=&#8220;none&#8220; text=&#8220;wa\u0308hrend des abbaus&#8220; css=&#8220;.vc_custom_1538662459980{margin-bottom: 30px !important;}&#8220;][tm_heading tag=&#8220;p&#8220; custom_google_font=&#8220;&#8220; google_fonts=&#8220;font_family:Poppins%3A300%2Cregular%2C500%2C600%2C700|font_style:400%20regular%3A400%3Anormal&#8220; animation=&#8220;none&#8220; text=&#8220;Der Produktionszyklus ist beim Porphyr in drei klar getrennte Phasen unterteilt: Die Loslo\u0308sung des Gesteins von der kompakten Wand (Abrei\u00dfen), Auswahl und Transport, Endbearbeitung. Wie alles, was aus der Natur kommt, erreicht auch das Porphyr-Gestein ho\u0308chstes Qualita\u0308tsniveau, wenn es mit geeigneten Techniken gefo\u0308rdert wird, um seine Besonderheiten aufzuwerten, wie die ebene und leicht rauhe \u201cNaturoberfla\u0308che\u201d, die physisch mechanischen Beschaffenheiten, frei von Bru\u0308chen oder Bescha\u0308digungen, und die Vielzahl an ausdrucksvollen Farbnuancen. Unsere umfassende Erfahrung und die modernen Technologien werden in unseren Bru\u0308chen eingesetzt, um Pophyr ausgezeichneten Qualita\u0308tsstandards zu gewinnen.&#8220;][\/vc_column][\/vc_row][vc_row full_width=&#8220;stretch_row_content&#8220; equal_height=&#8220;yes&#8220; css_animation=&#8220;fadeIn&#8220; custom_border_color=&#8220;&#8220; background_color=&#8220;custom&#8220; custom_background_color=&#8220;#ffffff&#8220;][vc_column width=&#8220;1\/2&#8243; lg_spacing=&#8220;margin_right:150;margin_left:150;padding_top:100;padding_bottom:100&#8243;][tm_heading style=&#8220;highlight-text&#8220; custom_google_font=&#8220;&#8220; animation=&#8220;none&#8220; text=&#8220;<mark>Je gro\u0308\u00dfer die platten<\/mark>&#8220; line_height=&#8220;2&#8243;][tm_heading style=&#8220;highlight-text&#8220; tag=&#8220;h1&#8243; custom_google_font=&#8220;&#8220; animation=&#8220;none&#8220; text=&#8220;desto wertvoller sind sie&#8220; css=&#8220;.vc_custom_1538663119393{margin-bottom: 30px !important;}&#8220;][tm_heading tag=&#8220;p&#8220; custom_google_font=&#8220;&#8220; google_fonts=&#8220;font_family:Poppins%3A300%2Cregular%2C500%2C600%2C700|font_style:400%20regular%3A400%3Anormal&#8220; animation=&#8220;none&#8220; text=&#8220;Der Porphyrabbau erfolgt unter freiem Himmel, in Parzellen, deren Abbau-Stufen zwischen einer Ho\u0308he von 10 Bis 30 Metern variieren. Der Porphyr, gehauen mit der Sprengmethode \u201cpiane\u201d, wird mittels mechanischer Pfa\u0308hle der Splitter entledigt, wa\u0308hrend das bearbeitungsbereite Material zu den Pla\u0308tzen gefahren wird, wo es einer genaueren Auslese unterzogen wird. Die gro\u0308\u00dferen Blo\u0308cke jedoch werden mit Pre\u00dfluftha\u0308mmern gespalten und in bearbeitbare Dimensionen gebracht. Die Arbeit wird mit Hilfe von Steinha\u0308mmern und Keilen ausgefu\u0308hrt, immer den Aderungen des Gesteins folgend; so werden Platten unterschiedlicher Gro\u0308\u00dfe und Sta\u0308rke gewonnen. Sodann erfolgt die Auswahl der Platten nach Qualita\u0308t, Sta\u0308rke und Scheckung. Das so aufgeteilte Material wird sodann der Endbearbeitung Zugefu\u0308hrt, die mittels ausgeklu\u0308gelter Maschinen erfolgt, wodurch die Herstellung unterschiedlicher Porphyr Endprodukte und ein weitgefa\u0308chertes Angebot Ermo\u0308glicht werden.&#8220;][\/vc_column][vc_column width=&#8220;1\/2&#8243; background_image=&#8220;390&#8243;][\/vc_column][\/vc_row][vc_row full_width=&#8220;stretch_row_content&#8220; equal_height=&#8220;yes&#8220; css_animation=&#8220;fadeIn&#8220; custom_border_color=&#8220;&#8220; background_color=&#8220;custom&#8220; custom_background_color=&#8220;#ffffff&#8220;][vc_column width=&#8220;1\/2&#8243; background_image=&#8220;391&#8243;][\/vc_column][vc_column width=&#8220;1\/2&#8243; lg_spacing=&#8220;margin_right:150;margin_left:150;padding_top:100;padding_bottom:100&#8243;][tm_heading style=&#8220;highlight-text&#8220; custom_google_font=&#8220;&#8220; animation=&#8220;none&#8220; text=&#8220;<mark>Verlegung<\/mark>&#8220; line_height=&#8220;2&#8243;][tm_heading tag=&#8220;p&#8220; custom_google_font=&#8220;&#8220; google_fonts=&#8220;font_family:Poppins%3A300%2Cregular%2C500%2C600%2C700|font_style:400%20regular%3A400%3Anormal&#8220; animation=&#8220;none&#8220; text=&#8220;Die Verlegung wird von qualifizierten Handwerkern ausgef\u00fchrt, um eine perfekte Arbeit zu garantieren. Eine vorherige Besichtigung der Bauma\u00dfnahme ist m\u00f6glich.&#8220;][\/vc_column][\/vc_row][vc_row full_width=&#8220;stretch_row&#8220; content_placement=&#8220;middle&#8220; custom_border_color=&#8220;&#8220; background_color=&#8220;primary&#8220; lg_spacing=&#8220;padding_top:50;padding_bottom:50&#8243;][vc_column width=&#8220;3\/4&#8243;][tm_heading style=&#8220;highlight-text&#8220; tag=&#8220;h1&#8243; custom_google_font=&#8220;&#8220; text_color=&#8220;custom&#8220; custom_text_color=&#8220;#ffffff&#8220; animation=&#8220;none&#8220; text=&#8220;Entdecken Sie unsere Produkte&#8220;][\/vc_column][vc_column width=&#8220;1\/4&#8243;][tm_button button=&#8220;url:http%3A%2F%2Fvenericasagranda.com%2Fprodotti%2F|title:Produkte||&#8220; align=&#8220;right&#8220; animation=&#8220;none&#8220; color=&#8220;custom&#8220; button_bg_color=&#8220;custom&#8220; font_color=&#8220;primary&#8220; button_border_color=&#8220;&#8220; button_bg_color_hover=&#8220;&#8220; font_color_hover=&#8220;&#8220; button_border_color_hover=&#8220;&#8220; custom_button_bg_color=&#8220;#ffffff&#8220; border_radius=&#8220;0&#8243;][\/vc_column][\/vc_row]<\/p>\n<\/div>","protected":false},"excerpt":{"rendered":"[vc_row][vc_column][tm_heading style=&#8220;highlight-text&#8220; custom_google_font=&#8220;&#8220; align=&#8220;center&#8220; animation=&#8220;move-up&#8220; text=&#8220;Unser produktives&#8220; line_height=&#8220;2&#8243;][tm_heading style=&#8220;highlight-text&#8220; tag=&#8220;h1&#8243; custom_google_font=&#8220;&#8220; align=&#8220;center&#8220; animation=&#8220;move-up&#8220; text=&#8220;\u00d6kosystem&#8220;][\/vc_column][\/vc_row][vc_row full_width=&#8220;stretch_row_content&#8220; equal_height=&#8220;yes&#8220; css_animation=&#8220;fadeIn&#8220; custom_border_color=&#8220;&#8220; background_color=&#8220;custom&#8220; custom_background_color=&#8220;#ffffff&#8220; lg_spacing=&#8220;margin_top:100&#8243;][vc_column width=&#8220;1\/2&#8243; background_image=&#8220;389&#8243;][\/vc_column][vc_column width=&#8220;1\/2&#8243; lg_spacing=&#8220;margin_right:150;margin_left:150;padding_top:100;padding_bottom:100&#8243;][tm_heading style=&#8220;highlight-text&#8220; custom_google_font=&#8220;&#8220; animation=&#8220;none&#8220; text=&#8220;Qualita\u0308ts-porphyr entsteht&#8220; line_height=&#8220;2&#8243;][tm_heading style=&#8220;highlight-text&#8220; tag=&#8220;h1&#8243; custom_google_font=&#8220;&#8220; animation=&#8220;none&#8220; text=&#8220;wa\u0308hrend des abbaus&#8220; css=&#8220;.vc_custom_1538662459980{margin-bottom: 30px !important;}&#8220;][tm_heading tag=&#8220;p&#8220; custom_google_font=&#8220;&#8220; google_fonts=&#8220;font_family:Poppins%3A300%2Cregular%2C500%2C600%2C700|font_style:400%20regular%3A400%3Anormal&#8220; animation=&#8220;none&#8220; text=&#8220;Der Produktionszyklus ist beim Porphyr in drei klar getrennte Phasen unterteilt: Die Loslo\u0308sung des Gesteins von der kompakten Wand (Abrei\u00dfen), Auswahl und Transport, Endbearbeitung. Wie alles, was aus der Natur kommt, erreicht auch das Porphyr-Gestein ho\u0308chstes Qualita\u0308tsniveau, wenn es mit geeigneten Techniken gefo\u0308rdert wird, um seine Besonderheiten aufzuwerten, wie die ebene und leicht rauhe \u201cNaturoberfla\u0308che\u201d, die physisch mechanischen Beschaffenheiten, frei von Bru\u0308chen oder Bescha\u0308digungen, und die Vielzahl an ausdrucksvollen Farbnuancen. Unsere umfassende Erfahrung und die modernen Technologien werden in unseren Bru\u0308chen eingesetzt, um Pophyr ausgezeichneten Qualita\u0308tsstandards zu gewinnen.&#8220;][\/vc_column][\/vc_row][vc_row full_width=&#8220;stretch_row_content&#8220; equal_height=&#8220;yes&#8220; css_animation=&#8220;fadeIn&#8220; custom_border_color=&#8220;&#8220; background_color=&#8220;custom&#8220; custom_background_color=&#8220;#ffffff&#8220;][vc_column width=&#8220;1\/2&#8243; lg_spacing=&#8220;margin_right:150;margin_left:150;padding_top:100;padding_bottom:100&#8243;][tm_heading style=&#8220;highlight-text&#8220; custom_google_font=&#8220;&#8220; animation=&#8220;none&#8220; text=&#8220;Je gro\u0308\u00dfer die platten&#8220; line_height=&#8220;2&#8243;][tm_heading style=&#8220;highlight-text&#8220; tag=&#8220;h1&#8243; custom_google_font=&#8220;&#8220; animation=&#8220;none&#8220; text=&#8220;desto wertvoller sind sie&#8220; css=&#8220;.vc_custom_1538663119393{margin-bottom: 30px !important;}&#8220;][tm_heading tag=&#8220;p&#8220; custom_google_font=&#8220;&#8220; google_fonts=&#8220;font_family:Poppins%3A300%2Cregular%2C500%2C600%2C700|font_style:400%20regular%3A400%3Anormal&#8220; animation=&#8220;none&#8220; text=&#8220;Der Porphyrabbau erfolgt unter freiem Himmel, in Parzellen, deren Abbau-Stufen zwischen einer Ho\u0308he von 10 Bis 30 Metern variieren. Der Porphyr, gehauen mit der Sprengmethode \u201cpiane\u201d, wird mittels mechanischer Pfa\u0308hle der Splitter entledigt, wa\u0308hrend das bearbeitungsbereite Material zu den Pla\u0308tzen gefahren wird, wo es einer genaueren Auslese unterzogen wird. Die gro\u0308\u00dferen Blo\u0308cke jedoch werden mit Pre\u00dfluftha\u0308mmern gespalten und in bearbeitbare Dimensionen gebracht. Die Arbeit wird mit Hilfe von Steinha\u0308mmern und Keilen ausgefu\u0308hrt, immer den Aderungen des Gesteins folgend; so werden Platten unterschiedlicher Gro\u0308\u00dfe und Sta\u0308rke gewonnen. Sodann erfolgt die Auswahl der Platten nach Qualita\u0308t, Sta\u0308rke und Scheckung. Das so aufgeteilte Material wird sodann der Endbearbeitung Zugefu\u0308hrt, die mittels ausgeklu\u0308gelter Maschinen erfolgt, wodurch die Herstellung unterschiedlicher Porphyr Endprodukte und ein weitgefa\u0308chertes Angebot Ermo\u0308glicht werden.&#8220;][\/vc_column][vc_column width=&#8220;1\/2&#8243; background_image=&#8220;390&#8243;][\/vc_column][\/vc_row][vc_row full_width=&#8220;stretch_row_content&#8220; equal_height=&#8220;yes&#8220; css_animation=&#8220;fadeIn&#8220; custom_border_color=&#8220;&#8220; background_color=&#8220;custom&#8220; custom_background_color=&#8220;#ffffff&#8220;][vc_column width=&#8220;1\/2&#8243; background_image=&#8220;391&#8243;][\/vc_column][vc_column width=&#8220;1\/2&#8243; lg_spacing=&#8220;margin_right:150;margin_left:150;padding_top:100;padding_bottom:100&#8243;][tm_heading style=&#8220;highlight-text&#8220; custom_google_font=&#8220;&#8220; animation=&#8220;none&#8220; text=&#8220;Verlegung&#8220; line_height=&#8220;2&#8243;][tm_heading tag=&#8220;p&#8220; custom_google_font=&#8220;&#8220; google_fonts=&#8220;font_family:Poppins%3A300%2Cregular%2C500%2C600%2C700|font_style:400%20regular%3A400%3Anormal&#8220; animation=&#8220;none&#8220; text=&#8220;Die Verlegung wird von qualifizierten Handwerkern ausgef\u00fchrt, um eine perfekte Arbeit zu garantieren. Eine vorherige Besichtigung der Bauma\u00dfnahme ist m\u00f6glich.&#8220;][\/vc_column][\/vc_row][vc_row full_width=&#8220;stretch_row&#8220; content_placement=&#8220;middle&#8220; custom_border_color=&#8220;&#8220; background_color=&#8220;primary&#8220; lg_spacing=&#8220;padding_top:50;padding_bottom:50&#8243;][vc_column width=&#8220;3\/4&#8243;][tm_heading style=&#8220;highlight-text&#8220; tag=&#8220;h1&#8243; custom_google_font=&#8220;&#8220; text_color=&#8220;custom&#8220; custom_text_color=&#8220;#ffffff&#8220; animation=&#8220;none&#8220; text=&#8220;Entdecken Sie unsere Produkte&#8220;][\/vc_column][vc_column width=&#8220;1\/4&#8243;][tm_button button=&#8220;url:http%3A%2F%2Fvenericasagranda.com%2Fprodotti%2F|title:Produkte||&#8220; align=&#8220;right&#8220; animation=&#8220;none&#8220; color=&#8220;custom&#8220; button_bg_color=&#8220;custom&#8220; font_color=&#8220;primary&#8220; button_border_color=&#8220;&#8220; button_bg_color_hover=&#8220;&#8220; font_color_hover=&#8220;&#8220; button_border_color_hover=&#8220;&#8220; custom_button_bg_color=&#8220;#ffffff&#8220; border_radius=&#8220;0&#8243;][\/vc_column][\/vc_row]","protected":false},"author":2,"featured_media":0,"parent":0,"menu_order":0,"comment_status":"closed","ping_status":"closed","template":"","meta":{"footnotes":""},"_links":{"self":[{"href":"https:\/\/venericasagranda.com\/de\/wp-json\/wp\/v2\/pages\/414"}],"collection":[{"href":"https:\/\/venericasagranda.com\/de\/wp-json\/wp\/v2\/pages"}],"about":[{"href":"https:\/\/venericasagranda.com\/de\/wp-json\/wp\/v2\/types\/page"}],"author":[{"embeddable":true,"href":"https:\/\/venericasagranda.com\/de\/wp-json\/wp\/v2\/users\/2"}],"replies":[{"embeddable":true,"href":"https:\/\/venericasagranda.com\/de\/wp-json\/wp\/v2\/comments?post=414"}],"version-history":[{"count":4,"href":"https:\/\/venericasagranda.com\/de\/wp-json\/wp\/v2\/pages\/414\/revisions"}],"predecessor-version":[{"id":622,"href":"https:\/\/venericasagranda.com\/de\/wp-json\/wp\/v2\/pages\/414\/revisions\/622"}],"wp:attachment":[{"href":"https:\/\/venericasagranda.com\/de\/wp-json\/wp\/v2\/media?parent=414"}],"curies":[{"name":"wp","href":"https:\/\/api.w.org\/{rel}","templated":true}]}}