{"id":690,"date":"2018-09-19T14:28:42","date_gmt":"2018-09-19T12:28:42","guid":{"rendered":"http:\/\/venericasagranda.com\/privacy-policy\/"},"modified":"2019-02-06T14:23:40","modified_gmt":"2019-02-06T13:23:40","slug":"privacy-policy","status":"publish","type":"page","link":"https:\/\/venericasagranda.com\/de\/privacy-policy\/","title":{"rendered":"Privacy Policy"},"content":{"rendered":"<p>F\u00fcr die in der EU-Verordnung Nr. 2016\/679 in Bezug auf den Schutz personenbezogener Daten weisen wir Sie darauf hin, dass die Verarbeitung der von Ihnen zur Verf\u00fcgung gestellten personenbezogenen Daten im Einklang mit den durch die Verordnungen festgelegten Bestimmungen erfolgt, und zwar in \u00dcbereinstimmung mit den daraus resultierenden Rechten und Pflichten und dass:<\/p>\n<ul>\n<li>Objekt: Diese Informationen beziehen sich nur auf die Website: www.venericasagranda.com, die sich im Besitz von Veneri und Casagranda Porfidi Srl befindet und von dieser verwaltet wird, mit B\u00fcros in Localit\u00e0 Ronchi, 15 &#8211; Fraz. Lases &#8211; Trento (TN), und nicht auch anderen Websites, die m\u00f6glicherweise aufgerufen werden durch Link.<\/li>\n<li>Verantwortlicher f\u00fcr die Datenverarbeitung: Die personenbezogenen Daten, die im Rahmen der von Ihnen auf der Website www.venericasagranda.com durchgef\u00fchrten<\/li>\n<\/ul>\n<p>Vorg\u00e4nge bereitgestellt oder erhoben werden, werden von Veneri und Casagranda Porfidi Srl mit Sitz in Localit\u00e0 Ronchi, 15 &#8211; Fraz. Lases &#8211; Trento (TN), verarbeitet.<br \/>\nAlle Anfragen bez\u00fcglich der Verarbeitung personenbezogener Daten werden an folgende Adresse gesendet:<br \/>\nVeneri und Casagranda Porfidi Srl<br \/>\nStandort Ronchi, 15<br \/>\nFraz. Lases &#8211; Trento (TN)<br \/>\n38040 Trento (TN) &#8211; Italien<\/p>\n<ul>\n<li>Zweck der Verarbeitung: Personenbezogene Daten werden verwendet: zur korrekten und vollst\u00e4ndigen Ausf\u00fchrung des laufenden oder abgeschlossenen Vertragsverh\u00e4ltnisses; zur Durchf\u00fchrung von inh\u00e4renten und konsequenten administrativen, buchhalterischen und steuerlichen T\u00e4tigkeiten; relativ zur E-Mail-Adresse, um ein direktes Angebot von Veneri und Casagranda Porfidi Srl an Produkten zuzulassen, mit der Ausnahme, dass Sie dieser Behandlung jederzeit widersprechen k\u00f6nnen.<\/li>\n<li>Bereitstellung von Daten und Ablehnung: Die Bereitstellung personenbezogener Daten ist freiwillig. Die Ablehnung der Bereitstellung personenbezogener Daten impliziert die Unm\u00f6glichkeit der Erf\u00fcllung gesetzlicher und vertraglicher Verpflichtungen.<\/li>\n<li>Verbot: Sie k\u00f6nnen personenbezogene Daten, die auf Dritte verweisen, nicht ohne deren ausdr\u00fcckliche Genehmigung angeben.<\/li>\n<li>Methoden der Datenverarbeitung: Personenbezogene Daten werden auch mit Hilfe elektronischer und \/ oder automatisierter Werkzeuge verarbeitet. Es sind geeignete Sicherheitsma\u00dfnahmen geplant, um Datenverlust, unerlaubte oder fehlerhafte Verwendung und unberechtigten Zugriff zu verhindern. Die Daten werden ausschlie\u00dflich vom Eigent\u00fcmer und von den vom Eigent\u00fcmer ausdr\u00fccklich autorisierten Personen verarbeitet.<\/li>\n<li>Speicherung von Daten: Ihre Daten werden f\u00fcr den Zeitraum, der f\u00fcr die Erf\u00fcllung der Anfrage erforderlich ist, und auf keinen Fall l\u00e4nger als zehn Jahre aufbewahrt.<\/li>\n<li>Die Daten werden ausschlie\u00dflich zur Erreichung des oben angegebenen Zwecks verarbeitet.<\/li>\n<\/ul>\n<p>Diese Personen haben nur Zugang zu personenbezogenen Daten, die zur Erf\u00fcllung ihrer Aufgaben erforderlich sind.<\/p>\n<ul>\n<li>Cookies: Informationen zu Cookies, die von der Website verwendet werden, finden Sie in der Cookie-Richtlinie.<\/li>\n<li>Rechte des Interessenten: Sie haben jederzeit das Recht:\n<ul>\n<li>Zugriff, Berichtigung, L\u00f6schung, Einschr\u00e4nkung und Widerspruch gegen die Verarbeitung von Daten<\/li>\n<li>Um ohne Behinderungen vom Datencontroller die Daten in einem strukturierten Format zu erhalten, das allgemein verwendet werden kann und von einem automatischen Ger\u00e4t lesbar ist, um sie an einen anderen Datencontroller zu \u00fcbertragen<\/li>\n<li>Die Zustimmung zur Verarbeitung widerrufen, unbeschadet der Rechtm\u00e4\u00dfigkeit der Behandlung aufgrund der vor dem Widerruf erhaltenen Zustimmung<\/li>\n<li>Senden Sie eine Beschwerde an die Datenschutzbeh\u00f6rde.<\/li>\n<\/ul>\n<\/li>\n<\/ul>\n<p>Die Aus\u00fcbung der vorgenannten Rechte kann durch schriftliche Mitteilung ausge\u00fcbt werden, die per E-Mail an die Adresse info@registerpec.it oder ein Einschreiben mit R\u00fcckschein an die in Ziffer 2) angegebene Adresse dieses Schreibens gesendet wird.<\/p>\n","protected":false},"excerpt":{"rendered":"F\u00fcr die in der EU-Verordnung Nr. 2016\/679 in Bezug auf den Schutz personenbezogener Daten weisen wir Sie darauf hin, dass die Verarbeitung der von Ihnen zur Verf\u00fcgung gestellten personenbezogenen Daten im Einklang mit den durch die Verordnungen festgelegten Bestimmungen erfolgt, und zwar in \u00dcbereinstimmung mit den daraus resultierenden Rechten und Pflichten und dass: Objekt: Diese Informationen beziehen sich nur auf die Website: www.venericasagranda.com, die sich im Besitz von Veneri und Casagranda Porfidi Srl befindet und von dieser verwaltet wird, mit B\u00fcros in Localit\u00e0 Ronchi, 15 &#8211; Fraz. Lases &#8211; Trento (TN), und nicht auch anderen Websites, die m\u00f6glicherweise aufgerufen werden durch Link. Verantwortlicher f\u00fcr die Datenverarbeitung: Die personenbezogenen Daten, die im Rahmen der von Ihnen auf der Website www.venericasagranda.com durchgef\u00fchrten Vorg\u00e4nge bereitgestellt oder erhoben werden, werden von Veneri und Casagranda Porfidi Srl mit Sitz in Localit\u00e0 Ronchi, 15 &#8211; Fraz. Lases &#8211; Trento (TN), verarbeitet. Alle Anfragen bez\u00fcglich der Verarbeitung personenbezogener Daten werden an folgende Adresse gesendet: Veneri und Casagranda Porfidi Srl Standort Ronchi, 15 Fraz. Lases &#8211; Trento (TN) 38040 Trento (TN) &#8211; Italien Zweck der Verarbeitung: Personenbezogene Daten werden verwendet: zur korrekten und vollst\u00e4ndigen Ausf\u00fchrung des laufenden oder abgeschlossenen Vertragsverh\u00e4ltnisses; zur Durchf\u00fchrung von inh\u00e4renten und konsequenten administrativen, buchhalterischen und steuerlichen T\u00e4tigkeiten; relativ zur E-Mail-Adresse, um ein direktes Angebot von Veneri und Casagranda Porfidi Srl an Produkten zuzulassen, mit der Ausnahme, dass Sie dieser Behandlung jederzeit widersprechen k\u00f6nnen. Bereitstellung von Daten und Ablehnung: Die Bereitstellung personenbezogener Daten ist freiwillig. Die Ablehnung der Bereitstellung personenbezogener Daten impliziert die Unm\u00f6glichkeit der Erf\u00fcllung gesetzlicher und vertraglicher Verpflichtungen. Verbot: Sie k\u00f6nnen personenbezogene Daten, die auf Dritte verweisen, nicht ohne deren ausdr\u00fcckliche Genehmigung angeben. Methoden der Datenverarbeitung: Personenbezogene Daten werden auch mit Hilfe elektronischer und \/ oder automatisierter Werkzeuge verarbeitet. Es sind geeignete Sicherheitsma\u00dfnahmen geplant, um Datenverlust, unerlaubte oder fehlerhafte Verwendung und unberechtigten Zugriff zu verhindern. Die Daten werden ausschlie\u00dflich vom Eigent\u00fcmer und von den vom Eigent\u00fcmer ausdr\u00fccklich autorisierten Personen verarbeitet. Speicherung von Daten: Ihre Daten werden f\u00fcr den Zeitraum, der f\u00fcr die Erf\u00fcllung der Anfrage erforderlich ist, und auf keinen Fall l\u00e4nger als zehn Jahre aufbewahrt. Die Daten werden ausschlie\u00dflich zur Erreichung des oben angegebenen Zwecks verarbeitet. Diese Personen haben nur Zugang zu personenbezogenen Daten, die zur Erf\u00fcllung ihrer Aufgaben erforderlich sind. Cookies: Informationen zu Cookies, die von der Website verwendet werden, finden Sie in der Cookie-Richtlinie. Rechte des Interessenten: Sie haben jederzeit das Recht: Zugriff, Berichtigung, L\u00f6schung, Einschr\u00e4nkung und Widerspruch gegen die Verarbeitung von Daten Um ohne Behinderungen vom Datencontroller die Daten in einem strukturierten Format zu erhalten, das allgemein verwendet werden kann und von einem automatischen Ger\u00e4t lesbar ist, um sie an einen anderen Datencontroller zu \u00fcbertragen Die Zustimmung zur Verarbeitung widerrufen, unbeschadet der Rechtm\u00e4\u00dfigkeit der Behandlung aufgrund der vor dem Widerruf erhaltenen Zustimmung Senden Sie eine Beschwerde an die Datenschutzbeh\u00f6rde. Die Aus\u00fcbung der vorgenannten Rechte kann durch schriftliche Mitteilung ausge\u00fcbt werden, die per E-Mail an die Adresse info@registerpec.it oder ein Einschreiben mit R\u00fcckschein an die in Ziffer 2) angegebene Adresse dieses Schreibens gesendet wird.","protected":false},"author":2,"featured_media":0,"parent":0,"menu_order":0,"comment_status":"closed","ping_status":"open","template":"","meta":{"footnotes":""},"_links":{"self":[{"href":"https:\/\/venericasagranda.com\/de\/wp-json\/wp\/v2\/pages\/690"}],"collection":[{"href":"https:\/\/venericasagranda.com\/de\/wp-json\/wp\/v2\/pages"}],"about":[{"href":"https:\/\/venericasagranda.com\/de\/wp-json\/wp\/v2\/types\/page"}],"author":[{"embeddable":true,"href":"https:\/\/venericasagranda.com\/de\/wp-json\/wp\/v2\/users\/2"}],"replies":[{"embeddable":true,"href":"https:\/\/venericasagranda.com\/de\/wp-json\/wp\/v2\/comments?post=690"}],"version-history":[{"count":3,"href":"https:\/\/venericasagranda.com\/de\/wp-json\/wp\/v2\/pages\/690\/revisions"}],"predecessor-version":[{"id":697,"href":"https:\/\/venericasagranda.com\/de\/wp-json\/wp\/v2\/pages\/690\/revisions\/697"}],"wp:attachment":[{"href":"https:\/\/venericasagranda.com\/de\/wp-json\/wp\/v2\/media?parent=690"}],"curies":[{"name":"wp","href":"https:\/\/api.w.org\/{rel}","templated":true}]}}