{"id":699,"date":"2018-09-20T17:35:52","date_gmt":"2018-09-20T15:35:52","guid":{"rendered":"http:\/\/venericasagranda.com\/cookies\/"},"modified":"2019-02-06T14:25:40","modified_gmt":"2019-02-06T13:25:40","slug":"cookies","status":"publish","type":"page","link":"https:\/\/venericasagranda.com\/de\/cookies\/","title":{"rendered":"Cookies"},"content":{"rendered":"<p>Die Websites von Veneri und Casagranda Porfidi Srl verwenden Cookies und \u00e4hnliche Technologien, um das ordnungsgem\u00e4\u00dfe Funktionieren der Verfahren sicherzustellen und die Verwendung von Online-Anwendungen zu verbessern. Dieses Dokument enth\u00e4lt detaillierte Informationen zur Verwendung von Cookies und \u00e4hnlichen Technologien, zur Verwendung durch Veneri und Casagranda Porfidi Srl und zu deren Verwaltung.<\/p>\n<p>DEFINITIONEN<br \/>\nCookies sind kurze Textfragmente (Buchstaben und \/ oder Zahlen), die es dem Webserver erm\u00f6glichen, auf dem Client (dem Browser) Informationen zu speichern, die w\u00e4hrend desselben Besuchs der Website (Sitzungscookies) oder sp\u00e4ter, auch danach, wiederverwendet werden Tage (dauerhafte Cookies). Cookies werden je nach Benutzereinstellung vom einzelnen Browser des verwendeten Ger\u00e4ts (Computer, Tablet, Smartphone) gespeichert.<\/p>\n<p>\u00c4hnliche Technologien, wie zum Beispiel Web Beacons, transparente GIFs und alle mit HTML5 eingef\u00fchrten lokalen Speicherformen, k\u00f6nnen verwendet werden, um Informationen \u00fcber das Benutzerverhalten und die Nutzung von Diensten zu sammeln.<\/p>\n<p>Sp\u00e4ter in diesem Dokument beziehen wir uns auf Cookies und alle \u00e4hnlichen Technologien, indem wir einfach den Begriff &#8222;Cookies&#8220; verwenden.<\/p>\n<p>Arten von Pl\u00e4tzchen<br \/>\nAufgrund der Eigenschaften und der Verwendung von Cookies k\u00f6nnen wir verschiedene Kategorien unterscheiden:<\/p>\n<p>Absolut notwendige Kekse. Dies sind Cookies, die f\u00fcr das ordnungsgem\u00e4\u00dfe Funktionieren der Website unerl\u00e4sslich sind. Die Dauer von Cookies ist streng auf die Arbeitssitzung begrenzt (geschlossener Browser werden gel\u00f6scht).<br \/>\nAnalyse- und Leistungs-Cookies. Diese Cookies werden verwendet, um den Verkehr und die Nutzung der Website anonym zu erfassen und zu analysieren. Diese Cookies erlauben es, auch ohne Identifizierung des Benutzers, zu erkennen, ob derselbe Benutzer zu unterschiedlichen Zeitpunkten erneut eine Verbindung aufbaut. Sie erm\u00f6glichen es Ihnen au\u00dferdem, das System zu \u00fcberwachen und dessen Leistung und Benutzerfreundlichkeit zu verbessern. Die Deaktivierung dieser Cookies kann ohne Funktionsverlust erfolgen.<br \/>\nProfiling Cookies Hierbei handelt es sich um permanente Cookies, die dazu dienen, Benutzerpr\u00e4ferenzen (anonym oder nicht) zu identifizieren und ihre Browser-Erfahrung zu verbessern. Unsere Seiten verwenden keine Cookies dieser Art.<\/p>\n<p>GOOGLE ANALYTICS<br \/>\nvenericasagranda.com enth\u00e4lt auch bestimmte Komponenten, die von Google Analytics, einem von Google Inc. (&#8222;Google&#8220;) bereitgestellten Web-Traffic-Analyse-Dienst, \u00fcbermittelt werden. Auch in diesem Fall handelt es sich um Cookies von Drittanbietern, die anonymisiert werden, um die Leistung der Host-Site zu \u00fcberwachen und zu verbessern (Leistungs-Cookies).<\/p>\n<p>Google Analytics verwendet &#8222;Cookies&#8220;, um Informationen \u00fcber die Nutzung der Website venericasagranda.com (einschlie\u00dflich der IP-Adresse des Nutzers) zu sammeln und anonym zu analysieren. Diese Informationen werden von Google Analytics erfasst und von Google verarbeitet, um Berichte f\u00fcr die Betreiber von Futuristic Graph \u00fcber die Aktivit\u00e4ten auf den Websites selbst zu erstellen. Diese Website verwendet das Analysetool von Google nicht (und l\u00e4sst es nicht zu, dass Dritte es verwenden), um pers\u00f6nliche Identifikationsdaten zu \u00fcberwachen oder zu sammeln. Google verkn\u00fcpft die IP-Adresse nicht mit anderen Daten von Google und versucht nicht, eine IP-Adresse mit der Identit\u00e4t eines Nutzers zu verkn\u00fcpfen. Auch wird Google diese Informationen gegebenenfalls an Dritte \u00fcbertragen, sofern dies gesetzlich vorgeschrieben ist oder soweit Dritte diese Daten im Auftrag von Google verarbeiten.<\/p>\n<p>Weitere Informationen finden Sie unter dem folgenden Link:<\/p>\n<p>Der Nutzer kann die Aktion von Google Analytics gezielt deaktivieren, indem er die von Google bereitgestellte Dioptout-Komponente in seinem Browser installiert. Informationen zum Deaktivieren der Aktion von Google Analytics finden Sie unter dem folgenden Link:<\/p>\n<p>https:\/\/tools.google.com\/dlpage\/gaoptout<\/p>\n<p>DAUER DER COOKIES<br \/>\nEinige Cookies (Sitzungscookies) bleiben nur aktiv, bis der Browser geschlossen wird oder der Abmeldebefehl ausgef\u00fchrt wird. Andere Cookies &#8222;\u00fcberleben&#8220;, wenn der Browser geschlossen wird, und sind auch in nachfolgenden Besuchen des Benutzers verf\u00fcgbar.<\/p>\n<p>Diese Cookies werden als dauerhaft bezeichnet und ihre Dauer wird vom Server festgelegt, wenn sie erstellt werden. In einigen F\u00e4llen ist eine Frist festgelegt, in anderen F\u00e4llen ist die Dauer unbegrenzt.<\/p>\n<p>venericasagranda.com verwendet keine permanenten Cookies.<\/p>\n<p>Durch das Durchsuchen der Websites venericasagranda.com k\u00f6nnen Sie jedoch mit Websites interagieren, die von Dritten verwaltet werden und permanente Cookies und Profiling-Cookies erstellen oder \u00e4ndern k\u00f6nnen.<\/p>\n<p>COOKIE MANAGEMENT<br \/>\nDer Benutzer kann \u00fcber die Einstellungen seines Browsers entscheiden, ob er Cookies akzeptieren soll oder nicht.<\/p>\n<p>Achtung: Die vollst\u00e4ndige oder teilweise Deaktivierung technischer Cookies kann die Nutzung der f\u00fcr registrierte Benutzer reservierten Funktionen der Website beeintr\u00e4chtigen. Im Gegenteil, die Nutzung \u00f6ffentlicher Inhalte ist auch m\u00f6glich, wenn Cookies vollst\u00e4ndig deaktiviert werden.<\/p>\n<p>Die Deaktivierung von &#8222;Drittanbieter-Cookies&#8220; hat keinerlei Auswirkungen auf die Navigierbarkeit.<\/p>\n<p>Die Einstellung kann speziell f\u00fcr verschiedene Websites und Webanwendungen definiert werden. Dar\u00fcber hinaus erm\u00f6glichen die besten Browser die Festlegung verschiedener Einstellungen f\u00fcr &#8222;propriet\u00e4re&#8220; Cookies und f\u00fcr die Einstellungen von &#8222;Dritten&#8220;.<\/p>\n<p>In Firefox k\u00f6nnen Sie beispielsweise \u00fcber das Men\u00fc Extras -&gt; Optionen -&gt; Datenschutz auf ein Steuerungsfeld zugreifen, in dem Sie festlegen k\u00f6nnen, ob Sie die verschiedenen Arten von Cookies akzeptieren oder nicht und mit deren Entfernung fortfahren m\u00f6chten.<\/p>\n<p>Chrome: https:\/\/support.google.com\/chrome\/answer\/95647?hl=de<\/p>\n<p>Firefox: https:\/\/support.mozilla.org\/it\/kb\/Gestione%20dei%20cookie<\/p>\n<p>Internet Explorer: https:\/\/windows.microsoft.com\/it-it\/windows7\/how-to-manage-cookies-in-internet-explorer-9<\/p>\n<p>Opera: https:\/\/help.opera.com\/Windows\/10.00\/it\/cookies.html<\/p>\n","protected":false},"excerpt":{"rendered":"Die Websites von Veneri und Casagranda Porfidi Srl verwenden Cookies und \u00e4hnliche Technologien, um das ordnungsgem\u00e4\u00dfe Funktionieren der Verfahren sicherzustellen und die Verwendung von Online-Anwendungen zu verbessern. Dieses Dokument enth\u00e4lt detaillierte Informationen zur Verwendung von Cookies und \u00e4hnlichen Technologien, zur Verwendung durch Veneri und Casagranda Porfidi Srl und zu deren Verwaltung. DEFINITIONEN Cookies sind kurze Textfragmente (Buchstaben und \/ oder Zahlen), die es dem Webserver erm\u00f6glichen, auf dem Client (dem Browser) Informationen zu speichern, die w\u00e4hrend desselben Besuchs der Website (Sitzungscookies) oder sp\u00e4ter, auch danach, wiederverwendet werden Tage (dauerhafte Cookies). Cookies werden je nach Benutzereinstellung vom einzelnen Browser des verwendeten Ger\u00e4ts (Computer, Tablet, Smartphone) gespeichert. \u00c4hnliche Technologien, wie zum Beispiel Web Beacons, transparente GIFs und alle mit HTML5 eingef\u00fchrten lokalen Speicherformen, k\u00f6nnen verwendet werden, um Informationen \u00fcber das Benutzerverhalten und die Nutzung von Diensten zu sammeln. Sp\u00e4ter in diesem Dokument beziehen wir uns auf Cookies und alle \u00e4hnlichen Technologien, indem wir einfach den Begriff &#8222;Cookies&#8220; verwenden. Arten von Pl\u00e4tzchen Aufgrund der Eigenschaften und der Verwendung von Cookies k\u00f6nnen wir verschiedene Kategorien unterscheiden: Absolut notwendige Kekse. Dies sind Cookies, die f\u00fcr das ordnungsgem\u00e4\u00dfe Funktionieren der Website unerl\u00e4sslich sind. Die Dauer von Cookies ist streng auf die Arbeitssitzung begrenzt (geschlossener Browser werden gel\u00f6scht). Analyse- und Leistungs-Cookies. Diese Cookies werden verwendet, um den Verkehr und die Nutzung der Website anonym zu erfassen und zu analysieren. Diese Cookies erlauben es, auch ohne Identifizierung des Benutzers, zu erkennen, ob derselbe Benutzer zu unterschiedlichen Zeitpunkten erneut eine Verbindung aufbaut. Sie erm\u00f6glichen es Ihnen au\u00dferdem, das System zu \u00fcberwachen und dessen Leistung und Benutzerfreundlichkeit zu verbessern. Die Deaktivierung dieser Cookies kann ohne Funktionsverlust erfolgen. Profiling Cookies Hierbei handelt es sich um permanente Cookies, die dazu dienen, Benutzerpr\u00e4ferenzen (anonym oder nicht) zu identifizieren und ihre Browser-Erfahrung zu verbessern. Unsere Seiten verwenden keine Cookies dieser Art. GOOGLE ANALYTICS venericasagranda.com enth\u00e4lt auch bestimmte Komponenten, die von Google Analytics, einem von Google Inc. (&#8222;Google&#8220;) bereitgestellten Web-Traffic-Analyse-Dienst, \u00fcbermittelt werden. Auch in diesem Fall handelt es sich um Cookies von Drittanbietern, die anonymisiert werden, um die Leistung der Host-Site zu \u00fcberwachen und zu verbessern (Leistungs-Cookies). Google Analytics verwendet &#8222;Cookies&#8220;, um Informationen \u00fcber die Nutzung der Website venericasagranda.com (einschlie\u00dflich der IP-Adresse des Nutzers) zu sammeln und anonym zu analysieren. Diese Informationen werden von Google Analytics erfasst und von Google verarbeitet, um Berichte f\u00fcr die Betreiber von Futuristic Graph \u00fcber die Aktivit\u00e4ten auf den Websites selbst zu erstellen. Diese Website verwendet das Analysetool von Google nicht (und l\u00e4sst es nicht zu, dass Dritte es verwenden), um pers\u00f6nliche Identifikationsdaten zu \u00fcberwachen oder zu sammeln. Google verkn\u00fcpft die IP-Adresse nicht mit anderen Daten von Google und versucht nicht, eine IP-Adresse mit der Identit\u00e4t eines Nutzers zu verkn\u00fcpfen. Auch wird Google diese Informationen gegebenenfalls an Dritte \u00fcbertragen, sofern dies gesetzlich vorgeschrieben ist oder soweit Dritte diese Daten im Auftrag von Google verarbeiten. Weitere Informationen finden Sie unter dem folgenden Link: Der Nutzer kann die Aktion von Google Analytics gezielt deaktivieren, indem er die von Google bereitgestellte Dioptout-Komponente in seinem Browser installiert. Informationen zum Deaktivieren der Aktion von Google Analytics finden Sie unter dem folgenden Link: https:\/\/tools.google.com\/dlpage\/gaoptout DAUER DER COOKIES Einige Cookies (Sitzungscookies) bleiben nur aktiv, bis der Browser geschlossen wird oder der Abmeldebefehl ausgef\u00fchrt wird. Andere Cookies &#8222;\u00fcberleben&#8220;, wenn der Browser geschlossen wird, und sind auch in nachfolgenden Besuchen des Benutzers verf\u00fcgbar. Diese Cookies werden als dauerhaft bezeichnet und ihre Dauer wird vom Server festgelegt, wenn sie erstellt werden. In einigen F\u00e4llen ist eine Frist festgelegt, in anderen F\u00e4llen ist die Dauer unbegrenzt. venericasagranda.com verwendet keine permanenten Cookies. Durch das Durchsuchen der Websites venericasagranda.com k\u00f6nnen Sie jedoch mit Websites interagieren, die von Dritten verwaltet werden und permanente Cookies und Profiling-Cookies erstellen oder \u00e4ndern k\u00f6nnen. COOKIE MANAGEMENT Der Benutzer kann \u00fcber die Einstellungen seines Browsers entscheiden, ob er Cookies akzeptieren soll oder nicht. Achtung: Die vollst\u00e4ndige oder teilweise Deaktivierung technischer Cookies kann die Nutzung der f\u00fcr registrierte Benutzer reservierten Funktionen der Website beeintr\u00e4chtigen. Im Gegenteil, die Nutzung \u00f6ffentlicher Inhalte ist auch m\u00f6glich, wenn Cookies vollst\u00e4ndig deaktiviert werden. Die Deaktivierung von &#8222;Drittanbieter-Cookies&#8220; hat keinerlei Auswirkungen auf die Navigierbarkeit. Die Einstellung kann speziell f\u00fcr verschiedene Websites und Webanwendungen definiert werden. Dar\u00fcber hinaus erm\u00f6glichen die besten Browser die Festlegung verschiedener Einstellungen f\u00fcr &#8222;propriet\u00e4re&#8220; Cookies und f\u00fcr die Einstellungen von &#8222;Dritten&#8220;. In Firefox k\u00f6nnen Sie beispielsweise \u00fcber das Men\u00fc Extras -&gt; Optionen -&gt; Datenschutz auf ein Steuerungsfeld zugreifen, in dem Sie festlegen k\u00f6nnen, ob Sie die verschiedenen Arten von Cookies akzeptieren oder nicht und mit deren Entfernung fortfahren m\u00f6chten. Chrome: https:\/\/support.google.com\/chrome\/answer\/95647?hl=de Firefox: https:\/\/support.mozilla.org\/it\/kb\/Gestione%20dei%20cookie Internet Explorer: https:\/\/windows.microsoft.com\/it-it\/windows7\/how-to-manage-cookies-in-internet-explorer-9 Opera: https:\/\/help.opera.com\/Windows\/10.00\/it\/cookies.html","protected":false},"author":2,"featured_media":0,"parent":0,"menu_order":0,"comment_status":"closed","ping_status":"closed","template":"","meta":{"footnotes":""},"_links":{"self":[{"href":"https:\/\/venericasagranda.com\/de\/wp-json\/wp\/v2\/pages\/699"}],"collection":[{"href":"https:\/\/venericasagranda.com\/de\/wp-json\/wp\/v2\/pages"}],"about":[{"href":"https:\/\/venericasagranda.com\/de\/wp-json\/wp\/v2\/types\/page"}],"author":[{"embeddable":true,"href":"https:\/\/venericasagranda.com\/de\/wp-json\/wp\/v2\/users\/2"}],"replies":[{"embeddable":true,"href":"https:\/\/venericasagranda.com\/de\/wp-json\/wp\/v2\/comments?post=699"}],"version-history":[{"count":1,"href":"https:\/\/venericasagranda.com\/de\/wp-json\/wp\/v2\/pages\/699\/revisions"}],"predecessor-version":[{"id":700,"href":"https:\/\/venericasagranda.com\/de\/wp-json\/wp\/v2\/pages\/699\/revisions\/700"}],"wp:attachment":[{"href":"https:\/\/venericasagranda.com\/de\/wp-json\/wp\/v2\/media?parent=699"}],"curies":[{"name":"wp","href":"https:\/\/api.w.org\/{rel}","templated":true}]}}